{"id":660,"date":"2022-11-03T09:28:59","date_gmt":"2022-11-03T02:28:59","guid":{"rendered":"https:\/\/sonvietuc.vn\/?post_type=product&#038;p=660"},"modified":"2022-11-03T09:37:35","modified_gmt":"2022-11-03T02:37:35","slug":"son-chong-tham-xi-mang-eco13","status":"publish","type":"product","link":"https:\/\/sonvietuc.vn\/?product=son-chong-tham-xi-mang-eco13","title":{"rendered":"S\u01a0N CH\u1ed0NG TH\u1ea4M XI M\u0102NG ECO13"},"content":{"rendered":"<p><strong>M\u00d4 T\u1ea2 S\u1ea2N PH\u1ea8M S\u01a0N CH\u1ed0NG TH\u1ea4M XI M\u0102NG ECO13<\/strong>: L\u00e0 h\u1ee3p ch\u1ea5t ch\u1ed1ng th\u1ea5m ph\u00e1 xi m\u0103ng<\/p><p>v\u01b0\u1ee3t tr\u1ed9i. S\u01a1n ch\u1ed1ng th\u1ea5m pha xi m\u0103ng gi\u00fap ng\u0103n ch\u1eb7n s\u1ef1 th\u1ea5m n\u01b0\u1edbc t\u1eeb<\/p><p>b\u00ean ngo\u00e0i v\u00e0o, b\u1ea3o v\u00e0 t\u01b0\u1eddng kh\u00f4ng b\u1ecb r\u00eau moc, hoen o, d\u1ec5 s\u1eed d\u1ee5ng b\u1ea7m<\/p><p>d\u00ednh c\u1ef1c t\u1ed1t tr\u00ean c\u00e1c b\u1ec1 m\u1eb7t xi m\u0103ng b\u00ea t\u00f4ng v\u00e0 ch\u1ed1ng ki\u1ec1m h\u00f3a c\u00e1c<\/p><p>Ngo\u00e0i ra, s\u1ea3n ph\u1ea9m kh\u00f4ng ch\u1ee9a kim lo\u1ea1i n\u1eb7ng c\u00f3 hai<\/p><p><strong>TH\u00c0NH PH\u1ea6N C\u1ea4U T\u1ea0O<\/strong><\/p><p>100% nh\u1ef1a Acrylic<\/p><p>Titan v\u00e0 c\u00e1c ch\u1ea5t t\u1ea1o m\u00e0u.<\/p><p>N\u01b0\u1edbc s\u1ea1ch v\u00e0 c\u00e1c ph\u1ee5 gia kh\u00e1c kh\u00f4ng ch\u1ee9a ch\u00ec v\u00e0 th\u1ee7y ng\u00e2n.<\/p><p><strong>\u0110\u1eb6C T\u00cdNH<\/strong><\/p><p>\u0110\u1ed9 ph\u1ee7 l\u00fd thuy\u1ebft: 10-12m2\/l\u1edbp (T\u00f9y theo b\u1ec1 m\u1eb7t).<\/p><p>T\u1ef7 l\u1ec7 pha s\u01a1n: 5-10% n\u01b0\u1edbc s\u1ea1ch theo th\u1ec3 t\u00edch<\/p><p>Th\u1eddi gian kh\u00f4 kh\u00f4 b\u1ec1 m\u1eb7t trong v\u00f2ng 35 &#8211; 60 ph\u00fat<\/p><p>kh\u00f4 ho\u00e0n to\u00e0n trong v\u00f2ng 48h<\/p><p><strong>H\u01af\u1edaNG D\u1eaaN B\u1ea2O QU\u1ea2N, S\u1eec D\u1ee4NG V\u00c0 THI C\u00d4NG<\/strong><\/p><p>1. CHU\u1ea8N B\u1eca B\u1ec0 M\u1eb6T<\/p><p>B\u1ec1 m\u1eb7t c\u1ea7n s\u01a1n: Ph\u1ea3i \u0111\u01b0\u1ee3c v\u1ec7 sinh s\u1ea1ch s\u1ebd, kh\u00f4ng c\u00f3 t\u1ea1p ch\u1ea5t l\u00e0m gi\u1ea3m s\u1ef1 b\u00e1m<\/p><p>\u0111\u1ecbnh nh\u01b0 b\u1ee5i d\u1ea7u m\u1ee1 hay s\u00e1p. D\u00f9ng h\u00f3a ch\u1ea5t th\u00edch h\u1ee3p \u0111\u1ec3 x\u1eed l\u00fd b\u1ec1 m\u1eb7t t\u01b0\u1eddng<\/p><p>c\u00f3 r\u00eau m\u1ed1c. Lo\u1ea1i b\u1ecf m\u00e0ng s\u01a1n c\u0169 v\u00e0 x\u1eed l\u00fd c\u00e1c v\u1ebft n\u1ee9t t\u01b0\u01a1ng tr\u01b0\u1edbc khi thi c\u00f4ng<\/p><p>\u0110\u1ed9 \u1ea5m c\u1ee7a b\u1ec1 m\u1eb7t t\u01b0\u1eddng D\u01b0\u1edbi 16% theo m\u00e1y \u0111o \u0111\u1ed9 \u1ea9m hay \u0111\u1ec3 b\u1ec1 m\u1eb7t t\u01b0\u1eddng<\/p><p>kh\u00f4 t\u1eeb 21 \u0111\u1ebfn 29 ng\u00e0y trong \u0111i\u1ec1u ki\u1ec7n b\u00ecnh th\u01b0\u1eddng (nhi\u1ec7t \u0111\u1ed9 trung b\u00ecnh 300<\/p><p>kh\u00f4ng thi c\u00f4ng s\u01a1n \u1edf nhi\u1ec7t \u0111\u1ed9 th\u1eddi ti\u1ebft d\u01b0\u1edbi 110c<\/p><p>2. THI C\u00d4NG S\u01a0N<\/p><p>Dung c\u1ee5 thi c\u00f4ng s\u01a1n: Co, ru l\u00f4 ho\u1eb7c m\u00e1y phun<\/p><p>Khu\u1ea5y \u0111\u1ec1u tr\u01b0\u1edbc khi s\u1eed d\u1ee5ng<\/p><p>S\u1ed1 l\u1edbp s\u01a1n: s\u01a1n &nbsp;2 l\u1edbp, m\u1ed7i l\u1edbp s\u01a1n c\u00e1ch nhau t\u00f4i thi\u1ebfu 2 ti\u1ebfng.<\/p><p>L\u00e0m s\u1ea1ch d\u1ee5ng c\u1ee5 v\u1edbi n\u01b0\u1edbc s\u1ea1ch ngay sau khi thi c\u00f4ng trong khi thi c\u00f4ng<\/p><p>mang b\u1ea3o h\u1ed9 th\u00edch h\u1ee3p.<\/p><p>3. B\u1ea2O QU\u1ea2N<\/p><p>B\u1ea3o qu\u1ea3n n\u01a1i kh\u00f4 m\u00e1t<\/p><p>\u0110\u1eb7t s\u01a1n \u1edf v\u1ecb tr\u00ed th\u1eb3ng d\u1ee5ng, an tol v\u00e0 \u0111\u00e2y n\u1eafp ch\u1eb7t<\/p><p>D\u00f9ng ngay sau khi m\u1edf np, kh\u00f4ng d\u00f9ng s\u1ea3n ph\u1ea9m \u0111\u00e3 pha n\u01b0\u1edbc sau \u0111\u1ebfn<\/p>","protected":false},"excerpt":{"rendered":"<p>M\u00d4 T\u1ea2 S\u1ea2N PH\u1ea8M S\u01a0N CH\u1ed0NG TH\u1ea4M XI M\u0102NG ECO13: L\u00e0 h\u1ee3p ch\u1ea5t ch\u1ed1ng th\u1ea5m ph\u00e1 xi m\u0103ng v\u01b0\u1ee3t tr\u1ed9i. S\u01a1n ch\u1ed1ng th\u1ea5m pha xi m\u0103ng gi\u00fap ng\u0103n ch\u1eb7n s\u1ef1 th\u1ea5m n\u01b0\u1edbc t\u1eeb b\u00ean ngo\u00e0i v\u00e0o, b\u1ea3o v\u00e0 t\u01b0\u1eddng kh\u00f4ng b\u1ecb r\u00eau moc, hoen o, d\u1ec5 s\u1eed d\u1ee5ng b\u1ea7m d\u00ednh c\u1ef1c t\u1ed1t tr\u00ean c\u00e1c b\u1ec1 [&#8230;]\n","protected":false},"featured_media":661,"comment_status":"open","ping_status":"closed","template":"","meta":[],"product_cat":[28],"product_tag":[],"class_list":{"0":"post-660","1":"product","2":"type-product","3":"status-publish","4":"has-post-thumbnail","6":"product_cat-son-ecopaint","8":"first","9":"instock","10":"shipping-taxable","11":"product-type-simple"},"_links":{"self":[{"href":"https:\/\/sonvietuc.vn\/index.php?rest_route=\/wp\/v2\/product\/660"}],"collection":[{"href":"https:\/\/sonvietuc.vn\/index.php?rest_route=\/wp\/v2\/product"}],"about":[{"href":"https:\/\/sonvietuc.vn\/index.php?rest_route=\/wp\/v2\/types\/product"}],"replies":[{"embeddable":true,"href":"https:\/\/sonvietuc.vn\/index.php?rest_route=%2Fwp%2Fv2%2Fcomments&post=660"}],"wp:featuredmedia":[{"embeddable":true,"href":"https:\/\/sonvietuc.vn\/index.php?rest_route=\/wp\/v2\/media\/661"}],"wp:attachment":[{"href":"https:\/\/sonvietuc.vn\/index.php?rest_route=%2Fwp%2Fv2%2Fmedia&parent=660"}],"wp:term":[{"taxonomy":"product_cat","embeddable":true,"href":"https:\/\/sonvietuc.vn\/index.php?rest_route=%2Fwp%2Fv2%2Fproduct_cat&post=660"},{"taxonomy":"product_tag","embeddable":true,"href":"https:\/\/sonvietuc.vn\/index.php?rest_route=%2Fwp%2Fv2%2Fproduct_tag&post=660"}],"curies":[{"name":"wp","href":"https:\/\/api.w.org\/{rel}","templated":true}]}}