{"id":650,"date":"2022-11-03T09:21:31","date_gmt":"2022-11-03T02:21:31","guid":{"rendered":"https:\/\/sonvietuc.vn\/?post_type=product&#038;p=650"},"modified":"2022-11-03T09:25:03","modified_gmt":"2022-11-03T02:25:03","slug":"son-min-noi-that-cao-cap-eco2","status":"publish","type":"product","link":"https:\/\/sonvietuc.vn\/?product=son-min-noi-that-cao-cap-eco2","title":{"rendered":"S\u01a1n m\u1ecbn n\u1ed9i th\u1ea5t cao c\u1ea5p ECO2"},"content":{"rendered":"<p>INTERIOR SMOOTH<\/p><p>\u0110\u1ed9 bao ph\u1ee7 cao<\/p><p>Ch\u1ed1ng bong tr\u00f3c<\/p><p>B\u1ec1 m\u1eb7t tr\u01a1n l\u00e1ng<\/p><p>D\u1ec5 thi c\u00f4ng<\/p><p><strong>T\u1ed5ng quan<\/strong><\/p><p>S\u01a1n m\u1ecbn n\u1ed9i th\u1ea5t cao c\u1ea5p ECO2 l\u00e0 lo\u1ea1i s\u01a1n n\u01b0\u1edbc Acrylic cho m\u00e0ng s\u01a1n tr\u1eafng m\u1ecbn, \u0111\u01b0\u1ee3c s\u1eed d\u1ee5ng trong nh\u00e0, ph\u00f9 h\u1ee3p v\u1edbi kh\u00ed h\u1eadu nhi\u1ec7t \u0111\u1edbi gi\u00f3 m\u00f9a, b\u1ec1 m\u1eb7t si\u00eau tr\u1eafng \u00e1nh tuy\u1ebft sang tr\u1ecdng, ch\u1ed1ng n\u1ea5m m\u1ed1c h\u1eefu hi\u1ec7u, ch\u1ed1ng bong tr\u00f3c, ch\u1ed1ng \u1ed1 v\u00e0ng, d\u1ec5 s\u1eed d\u1ee5ng, \u0111\u1ea1t hi\u1ec7u qu\u1ea3 cao cho vi\u1ec7c trang tr\u00ed n\u1ed9i th\u1ea5t.<\/p><p><strong>Th\u00e0nh ph\u1ea7n<\/strong><\/p><p><strong>Th\u00e0nh ph\u1ea7n c\u1ea5u t\u1ea1o<\/strong><\/p><ul class=\"wp-block-list\"><li>Ch\u1ea5t t\u1ea1o m\u00e0ng: Nh\u1ef1a Acrylic 100%<\/li><li>Dung m\u00f4i: N\u01b0\u1edbc<\/li><li>B\u1ed9t m\u00e0u: Dioxit Titan<\/li><li>Ph\u1ee5 gia: Ch\u1ea5t v\u00f4 c\u01a1 trung t\u00ednh v\u00e0 ch\u1ea5t \u1ed5n \u0111\u1ecbnh<\/li><\/ul><p><strong>Ch\u1ec9 ti\u00eau k\u1ef9 thu\u1eadt<\/strong><\/p><ul class=\"wp-block-list\"><li>\u0110\u1ed9 ph\u1ee7 l\u00fd thuy\u1ebft: 10 \u2013 12 m\u00b2\/ l\u00edt\/ l\u1edbp<\/li><li>Th\u1eddi gian kh\u00f4 b\u1ec1 m\u1eb7t: 30 \u2013 45 ph\u00fat. Kh\u00f4 ho\u00e0n to\u00e0n sau 48h<\/li><li>S\u01a1n l\u1edbp k\u1ebf ti\u1ebfp: 2 \u2013 3 gi\u1edd t\u00f9y \u0111i\u1ec1u ki\u1ec7n thi c\u00f4ng<\/li><li>D\u1ee5ng c\u1ee5 thi c\u00f4ng: C\u1ecd, con l\u0103n ho\u1eb7c s\u00fang phun<\/li><\/ul><p><strong>H\u01b0\u1edbng d\u1eabn s\u1eed d\u1ee5ng<\/strong><\/p><p><strong>Quy tr\u00ecnh thi c\u00f4ng<\/strong><\/p><ul class=\"wp-block-list\"><li>S\u1eed d\u1ee5ng b\u1ed9t b\u1ea3 sau \u0111\u00f3 d\u00f9ng gi\u1ea5y nh\u00e1m ch\u00e0 cho b\u1ec1 m\u1eb7t nh\u1eb5n m\u1ecbn.<\/li><li>S\u01a1n 1 l\u1edbp s\u01a1n l\u00f3t ch\u1ed1ng ki\u1ec1m n\u1ed9i th\u1ea5t cao c\u1ea5p ECO 7 \u0111\u1ec3 ch\u1ed1ng ki\u1ec1m h\u00f3a, ph\u1ea5n h\u00f3a b\u1ec1 m\u1eb7t v\u00e0 t\u0103ng \u0111\u1ed9 b\u00e1m d\u00ednh l\u1edbp s\u01a1n ph\u1ee7.<\/li><li>S\u01a1n t\u1eeb 1-2 l\u1edbp s\u01a1n m\u1ecbn n\u1ed9i th\u1ea5t cao c\u1ea5p t\u00f9y t\u1eebng b\u1ec1 m\u1eb7t thi c\u00f4ng.<\/li><li>C\u00f3 th\u1ec3 pha th\u00eam n\u01b0\u1edbc s\u1ea1ch khi thi c\u00f4ng kh\u00f4ng qu\u00e1 5%.<\/li><\/ul><p><strong>B\u1ea3o qu\u1ea3n<\/strong><\/p><ul class=\"wp-block-list\"><li>B\u1ea3o qu\u1ea3n \u1edf n\u01a1i kh\u00f4 r\u00e1o, tho\u00e1ng m\u00e1t, nhi\u1ec7t \u0111\u1ed9 t\u1eeb 5-35\u00b0C, tr\u00e1nh c\u00e1c ngu\u1ed3n nhi\u1ec7t v\u00e0 \u00e1nh s\u00e1ng m\u1eb7t tr\u1eddi.<\/li><li>\u0110\u1eady ch\u1eb7t n\u1eafp th\u00f9ng s\u01a1n n\u1ebfu kh\u00f4ng s\u1eed d\u1ee5ng h\u1ebft.<\/li><li>L\u00e0m s\u1ea1ch d\u1ee5ng c\u1ee5 b\u1eb1ng n\u01b0\u1edbc s\u1ea1ch ngay sau khi s\u1eed d\u1ee5ng.<\/li><\/ul><p><strong>L\u01b0u \u00fd s\u1eed d\u1ee5ng<\/strong><\/p><ul class=\"wp-block-list\"><li>Mang kh\u1ea9u trang, \u0111eo k\u00ednh b\u1ea3o h\u1ed9 khi thi c\u00f4ng.<\/li><li>\u0110\u1ec3 xa t\u1ea7m v\u1edbi c\u1ee7a tr\u1ebb em, kh\u00f4ng \u0111\u1ec3 s\u01a1n v\u01b0\u01a1ng v\u00e0o m\u1eaft.<\/li><li>Trong tr\u01b0\u1eddng h\u1ee3p \u0111\u1ed5 s\u01a1n, thu gom b\u1eb1ng \u0111\u1ea5t ho\u1eb7c c\u00e1t, kh\u00f4ng \u0111\u1ed5 s\u01a1n ra c\u1ed1ng r\u00e3nh ho\u1eb7c c\u00e1c ngu\u1ed3n n\u01b0\u1edbc.<\/li><\/ul><p><strong>H\u1ec7 th\u1ed1ng s\u01a1n \u0111\u1ec1 ngh\u1ecb<\/strong><\/p><ul class=\"wp-block-list\"><li>B\u1ed9t b\u1ea3 ECO : 1 \u2013 2 l\u1edbp<\/li><li>S\u01a1n l\u00f3t n\u1ed9i th\u1ea5t cao c\u1ea5p: 1 \u2013 2 l\u1edbp<\/li><li>S\u01a1n m\u1ecbn n\u1ed9i th\u1ea5t cao c\u1ea5p: 2 \u2013 3 l\u1edbp<\/li><\/ul>","protected":false},"excerpt":{"rendered":"<p>INTERIOR SMOOTH \u0110\u1ed9 bao ph\u1ee7 cao Ch\u1ed1ng bong tr\u00f3c B\u1ec1 m\u1eb7t tr\u01a1n l\u00e1ng D\u1ec5 thi c\u00f4ng T\u1ed5ng quan S\u01a1n m\u1ecbn n\u1ed9i th\u1ea5t cao c\u1ea5p ECO2 l\u00e0 lo\u1ea1i s\u01a1n n\u01b0\u1edbc Acrylic cho m\u00e0ng s\u01a1n tr\u1eafng m\u1ecbn, \u0111\u01b0\u1ee3c s\u1eed d\u1ee5ng trong nh\u00e0, ph\u00f9 h\u1ee3p v\u1edbi kh\u00ed h\u1eadu nhi\u1ec7t \u0111\u1edbi gi\u00f3 m\u00f9a, b\u1ec1 m\u1eb7t si\u00eau tr\u1eafng \u00e1nh tuy\u1ebft [&#8230;]\n","protected":false},"featured_media":651,"comment_status":"open","ping_status":"closed","template":"","meta":[],"product_cat":[28],"product_tag":[],"class_list":{"0":"post-650","1":"product","2":"type-product","3":"status-publish","4":"has-post-thumbnail","6":"product_cat-son-ecopaint","8":"first","9":"instock","10":"shipping-taxable","11":"product-type-simple"},"_links":{"self":[{"href":"https:\/\/sonvietuc.vn\/index.php?rest_route=\/wp\/v2\/product\/650"}],"collection":[{"href":"https:\/\/sonvietuc.vn\/index.php?rest_route=\/wp\/v2\/product"}],"about":[{"href":"https:\/\/sonvietuc.vn\/index.php?rest_route=\/wp\/v2\/types\/product"}],"replies":[{"embeddable":true,"href":"https:\/\/sonvietuc.vn\/index.php?rest_route=%2Fwp%2Fv2%2Fcomments&post=650"}],"wp:featuredmedia":[{"embeddable":true,"href":"https:\/\/sonvietuc.vn\/index.php?rest_route=\/wp\/v2\/media\/651"}],"wp:attachment":[{"href":"https:\/\/sonvietuc.vn\/index.php?rest_route=%2Fwp%2Fv2%2Fmedia&parent=650"}],"wp:term":[{"taxonomy":"product_cat","embeddable":true,"href":"https:\/\/sonvietuc.vn\/index.php?rest_route=%2Fwp%2Fv2%2Fproduct_cat&post=650"},{"taxonomy":"product_tag","embeddable":true,"href":"https:\/\/sonvietuc.vn\/index.php?rest_route=%2Fwp%2Fv2%2Fproduct_tag&post=650"}],"curies":[{"name":"wp","href":"https:\/\/api.w.org\/{rel}","templated":true}]}}