{"id":634,"date":"2022-11-03T09:07:36","date_gmt":"2022-11-03T02:07:36","guid":{"rendered":"https:\/\/sonvietuc.vn\/?post_type=product&#038;p=634"},"modified":"2022-11-03T09:15:02","modified_gmt":"2022-11-03T02:15:02","slug":"son-chong-tham-mau-cao-cap-ctvu-m","status":"publish","type":"product","link":"https:\/\/sonvietuc.vn\/?product=son-chong-tham-mau-cao-cap-ctvu-m","title":{"rendered":"S\u01a1n ch\u1ed1ng th\u1ea5m m\u00e0u cao c\u1ea5p CTVU-M"},"content":{"rendered":"<p>WATERPROOF<\/p><p>\u0110\u1ed9 bao ph\u1ee7 cao<\/p><p>Ng\u0103n ch\u1eb7n ki\u1ec1m h\u00f3a<\/p><p>Si\u00eau b\u00e1m d\u00ednh<\/p><p>Ch\u1ed1ng th\u1ea5m<\/p><p><strong>T\u1ed5ng quan<\/strong><\/p><p>S\u01a1n ch\u1ed1ng th\u1ea5m m\u00e0u cao c\u1ea5p <strong>CTVU-M<\/strong> l\u00e0 ch\u1ea5t ch\u1ed1ng th\u1ea5m m\u00e0u cao c\u1ea5p, c\u00f3 \u0111\u1ed9 th\u1ea9m th\u1ea5u v\u1edbi c\u1ed1t t\u01b0\u1eddng s\u00e2u v\u00e0 ch\u1eafc, kh\u00f4ng g\u00e2y bong tr\u00f3c trong nhi\u1ec1u n\u0103m, kh\u00e1ng n\u01b0\u1edbc tuy\u1ec7t \u0111\u1ed1i, m\u00e0u s\u1eafc b\u1ec1n \u0111\u1eb9p. S\u1eed d\u1ee5ng hi\u1ec7u qu\u1ea3 cho c\u00e1c b\u1ec1 m\u1eb7t b\u00ea t\u00f4ng ho\u1eb7c xi m\u0103ng-c\u00e1t. \u0110\u1ed9 b\u1ec1n c\u1ee7a s\u1ea3n ph\u1ea9m \u0111\u00e3 \u0111\u01b0\u1ee3c kh\u1eb3ng \u0111\u1ecbnh th\u00f4ng qua c\u00e1c th\u00ed nghi\u1ec7m trong nhi\u1ec1u n\u0103m, cho ch\u1ea5t l\u01b0\u1ee3ng t\u1ed1t. C\u00f3 th\u1ec3 s\u1eed d\u1ee5ng nh\u01b0 m\u1ed9t ch\u1ea5t ch\u1ed1ng th\u1ea5m khi kh\u00f4ng c\u00f3 m\u00e0u v\u00e0 nh\u01b0 m\u1ed9t lo\u1ea1i s\u01a1n ph\u1ee7 khi c\u00f3 m\u00e0u.<\/p><p><strong>Th\u00e0nh ph\u1ea7n<\/strong><\/p><p><strong>Th\u00e0nh ph\u1ea7n c\u1ea5u t\u1ea1o<\/strong><\/p><ul class=\"wp-block-list\"><li>Ch\u1ea5t t\u1ea1o m\u00e0ng: Nh\u1ef1a Acrylic 100%<\/li><li>Dung m\u00f4i: N\u01b0\u1edbc<\/li><li>B\u1ed9t m\u00e0u: Dioxit Titan<\/li><li>Ph\u1ee5 gia: Ch\u1ea5t v\u00f4 c\u01a1 trung t\u00ednh v\u00e0 ch\u1ea5t \u1ed5n \u0111\u1ecbnh<\/li><\/ul><p><strong>Ch\u1ec9 ti\u00eau k\u1ef9 thu\u1eadt<\/strong><\/p><ul class=\"wp-block-list\"><li>\u0110\u1ed9 ph\u1ee7 l\u00fd thuy\u1ebft: 5 \u2013 6 m\u00b2\/ l\u00edt\/ l\u1edbp<\/li><li>Th\u1eddi gian kh\u00f4 b\u1ec1 m\u1eb7t: 30 \u2013 45 ph\u00fat. Kh\u00f4 ho\u00e0n to\u00e0n sau 48h<\/li><li>S\u01a1n l\u1edbp k\u1ebf ti\u1ebfp: 2 \u2013 3 gi\u1edd t\u00f9y \u0111i\u1ec1u ki\u1ec7n thi c\u00f4ng<\/li><li>D\u1ee5ng c\u1ee5 thi c\u00f4ng: C\u1ecd, con l\u0103n ho\u1eb7c s\u00fang phun<\/li><\/ul><p><strong>H\u01b0\u1edbng d\u1eabn s\u1eed d\u1ee5ng<\/strong><\/p><p><strong>Quy tr\u00ecnh thi c\u00f4ng<\/strong><\/p><ul class=\"wp-block-list\"><li>B\u1ec1 m\u1eb7t ph\u1ea3i \u0111\u1ea3m b\u1ea3o \u0111\u1ed9 b\u1eb1ng ph\u1eb3ng, v\u1ec7 sinh s\u1ea1ch s\u1ebd, kh\u00f4 r\u00e1o.<\/li><li>Thi c\u00f4ng ch\u1ed1ng th\u1ea5m v\u00e0o nh\u1eefng ng\u00e0y tr\u1eddi kh\u00f4 r\u00e1o.<\/li><li>Ti\u1ebfn h\u00e0nh s\u01a1n l\u00f3t v\u1edbi nh\u1eefng l\u1edbp s\u01a1n ch\u1ed1ng th\u1ea5m th\u1eadt m\u1ecfng v\u00e0 s\u01a1n nhi\u1ec1u l\u1ea7n.<\/li><li>Sau khi s\u01a1n l\u1edbp th\u1ee9 nh\u1ea5t kh\u00f4 h\u1eb3n th\u00ec m\u1edbi ti\u1ebfn h\u00e0nh s\u01a1n l\u1edbp th\u1ee9 2.<\/li><li>Kho\u1ea3ng th\u1eddi gian gi\u00e3n c\u00e1ch gi\u1eefa 2 l\u1edbp s\u01a1n n\u00e0y l\u00e0 v\u00e0i gi\u1edd \u0111\u1ed3ng h\u1ed3.<\/li><\/ul><p><strong>B\u1ea3o qu\u1ea3n<\/strong><\/p><ul class=\"wp-block-list\"><li>B\u1ea3o qu\u1ea3n \u1edf n\u01a1i kh\u00f4 r\u00e1o, tho\u00e1ng m\u00e1t, nhi\u1ec7t \u0111\u1ed9 t\u1eeb 5-35\u00b0C, tr\u00e1nh c\u00e1c ngu\u1ed3n nhi\u1ec7t v\u00e0 \u00e1nh s\u00e1ng m\u1eb7t tr\u1eddi.<\/li><li>\u0110\u1eady ch\u1eb7t n\u1eafp th\u00f9ng s\u01a1n n\u1ebfu kh\u00f4ng s\u1eed d\u1ee5ng h\u1ebft.<\/li><li>L\u00e0m s\u1ea1ch d\u1ee5ng c\u1ee5 b\u1eb1ng n\u01b0\u1edbc s\u1ea1ch ngay sau khi s\u1eed d\u1ee5ng.<\/li><\/ul><p><strong>L\u01b0u \u00fd s\u1eed d\u1ee5ng<\/strong><\/p><ul class=\"wp-block-list\"><li>Mang kh\u1ea9u trang, \u0111eo k\u00ednh b\u1ea3o h\u1ed9 khi thi c\u00f4ng.<\/li><li>\u0110\u1ec3 xa t\u1ea7m v\u1edbi c\u1ee7a tr\u1ebb em, kh\u00f4ng \u0111\u1ec3 s\u01a1n v\u01b0\u01a1ng v\u00e0o m\u1eaft.<\/li><li>Trong tr\u01b0\u1eddng h\u1ee3p \u0111\u1ed5 s\u01a1n, thu gom b\u1eb1ng \u0111\u1ea5t ho\u1eb7c c\u00e1t, kh\u00f4ng \u0111\u1ed5 s\u01a1n ra c\u1ed1ng r\u00e3nh ho\u1eb7c c\u00e1c ngu\u1ed3n n\u01b0\u1edbc.<\/li><\/ul><p><strong>H\u1ec7 th\u1ed1ng s\u01a1n \u0111\u1ec1 ngh\u1ecb<\/strong><\/p><ul class=\"wp-block-list\"><li>Thi c\u00f4ng t\u1eeb 1 \u2013 2 l\u1edbp t\u00f9y t\u1eebng b\u1ec1 m\u1eb7t thi c\u00f4ng.<\/li><\/ul>","protected":false},"excerpt":{"rendered":"<p>WATERPROOF \u0110\u1ed9 bao ph\u1ee7 cao Ng\u0103n ch\u1eb7n ki\u1ec1m h\u00f3a Si\u00eau b\u00e1m d\u00ednh Ch\u1ed1ng th\u1ea5m T\u1ed5ng quan S\u01a1n ch\u1ed1ng th\u1ea5m m\u00e0u cao c\u1ea5p CTVU-M l\u00e0 ch\u1ea5t ch\u1ed1ng th\u1ea5m m\u00e0u cao c\u1ea5p, c\u00f3 \u0111\u1ed9 th\u1ea9m th\u1ea5u v\u1edbi c\u1ed1t t\u01b0\u1eddng s\u00e2u v\u00e0 ch\u1eafc, kh\u00f4ng g\u00e2y bong tr\u00f3c trong nhi\u1ec1u n\u0103m, kh\u00e1ng n\u01b0\u1edbc tuy\u1ec7t \u0111\u1ed1i, m\u00e0u s\u1eafc b\u1ec1n \u0111\u1eb9p. [&#8230;]\n","protected":false},"featured_media":635,"comment_status":"open","ping_status":"closed","template":"","meta":[],"product_cat":[25],"product_tag":[],"class_list":{"0":"post-634","1":"product","2":"type-product","3":"status-publish","4":"has-post-thumbnail","6":"product_cat-son-viet-uc","8":"first","9":"instock","10":"shipping-taxable","11":"product-type-simple"},"_links":{"self":[{"href":"https:\/\/sonvietuc.vn\/index.php?rest_route=\/wp\/v2\/product\/634"}],"collection":[{"href":"https:\/\/sonvietuc.vn\/index.php?rest_route=\/wp\/v2\/product"}],"about":[{"href":"https:\/\/sonvietuc.vn\/index.php?rest_route=\/wp\/v2\/types\/product"}],"replies":[{"embeddable":true,"href":"https:\/\/sonvietuc.vn\/index.php?rest_route=%2Fwp%2Fv2%2Fcomments&post=634"}],"wp:featuredmedia":[{"embeddable":true,"href":"https:\/\/sonvietuc.vn\/index.php?rest_route=\/wp\/v2\/media\/635"}],"wp:attachment":[{"href":"https:\/\/sonvietuc.vn\/index.php?rest_route=%2Fwp%2Fv2%2Fmedia&parent=634"}],"wp:term":[{"taxonomy":"product_cat","embeddable":true,"href":"https:\/\/sonvietuc.vn\/index.php?rest_route=%2Fwp%2Fv2%2Fproduct_cat&post=634"},{"taxonomy":"product_tag","embeddable":true,"href":"https:\/\/sonvietuc.vn\/index.php?rest_route=%2Fwp%2Fv2%2Fproduct_tag&post=634"}],"curies":[{"name":"wp","href":"https:\/\/api.w.org\/{rel}","templated":true}]}}