{"id":618,"date":"2022-11-03T08:37:58","date_gmt":"2022-11-03T01:37:58","guid":{"rendered":"https:\/\/sonvietuc.vn\/?post_type=product&#038;p=618"},"modified":"2022-11-03T09:15:02","modified_gmt":"2022-11-03T02:15:02","slug":"son-sieu-bong-ngoai-that-cao-cap-sp9","status":"publish","type":"product","link":"https:\/\/sonvietuc.vn\/?product=son-sieu-bong-ngoai-that-cao-cap-sp9","title":{"rendered":"S\u01a1n si\u00eau b\u00f3ng ngo\u1ea1i th\u1ea5t cao c\u1ea5p: SP9"},"content":{"rendered":"<p>EXTERIOR SUPER GLOSSY<\/p><p>Si\u00eau s\u00e1ng b\u00f3ng<\/p><p>Ch\u1ed1ng tia UV<\/p><p>Ch\u1ed1ng n\u1ea5m m\u1ed1c vi khu\u1ea9n<\/p><p><strong>T\u1ed5ng quan<\/strong><\/p><p>S\u01a1n si\u00eau b\u00f3ng ngo\u1ea1i th\u1ea5t cao c\u1ea5p <strong>SP9<\/strong> l\u00e0 lo\u1ea1i s\u01a1n n\u01b0\u1edbc Acrylic cho m\u00e0ng s\u01a1n b\u00f3ng l\u1ed9ng l\u1eaby, \u0111\u01b0\u1ee3c s\u1eed d\u1ee5ng ngo\u00e0i nh\u00e0, ph\u00f9 h\u1ee3p v\u1edbi kh\u00ed h\u1eadu nhi\u1ec7t \u0111\u1edbi gi\u00f3 m\u00f9a, b\u1ec1 m\u1eb7t si\u00eau b\u00f3ng, si\u00eau c\u1ee9ng, ch\u1ed1ng n\u00f3ng \u0111\u1eb7c bi\u1ec7t, ch\u1ed1ng b\u00e1m b\u1ea9n, ch\u1ed1ng bong tr\u00f3c ph\u1ed3ng r\u1ed9p, ch\u1ed1ng n\u1ea5m m\u1ed1c h\u1eefu hi\u1ec7u, m\u00e0ng s\u01a1n th\u00f4ng minh t\u1ef1 l\u00e0m s\u1ea1ch, co gi\u00e3n t\u1ef1 \u0111\u1ed9ng, ch\u1ed1ng th\u1ea5m n\u01b0\u1edbc, d\u1ec5 s\u1eed d\u1ee5ng ph\u00f9 h\u1ee3p cho vi\u1ec7c trang tr\u00ed ngo\u1ea1i th\u1ea5t.<\/p><p><strong>Th\u00e0nh ph\u1ea7n<\/strong><\/p><p><strong>Th\u00e0nh ph\u1ea7n c\u1ea5u t\u1ea1o<\/strong><\/p><ul class=\"wp-block-list\"><li>Ch\u1ea5t t\u1ea1o m\u00e0ng: Nh\u1ef1a Acrylic 100%<\/li><li>Dung m\u00f4i: N\u01b0\u1edbc<\/li><li>B\u1ed9t m\u00e0u: Dioxit Titan<\/li><li>Ph\u1ee5 gia: Ch\u1ea5t v\u00f4 c\u01a1 trung t\u00ednh v\u00e0 ch\u1ea5t \u1ed5n \u0111\u1ecbnh<\/li><\/ul><p><strong>Ch\u1ec9 ti\u00eau k\u1ef9 thu\u1eadt<\/strong><\/p><ul class=\"wp-block-list\"><li>\u0110\u1ed9 ph\u1ee7 l\u00fd thuy\u1ebft: 14 \u2013 16 m\u00b2\/ l\u00edt\/ l\u1edbp<\/li><li>Th\u1eddi gian kh\u00f4 b\u1ec1 m\u1eb7t: 30 \u2013 45 ph\u00fat. Kh\u00f4 ho\u00e0n to\u00e0n sau 48h<\/li><li>S\u01a1n l\u1edbp k\u1ebf ti\u1ebfp: 2 \u2013 3 gi\u1edd t\u00f9y \u0111i\u1ec1u ki\u1ec7n thi c\u00f4ng<\/li><li>D\u1ee5ng c\u1ee5 thi c\u00f4ng: C\u1ecd, con l\u0103n ho\u1eb7c s\u00fang phun<\/li><\/ul><p><strong>H\u01b0\u1edbng d\u1eabn s\u1eed d\u1ee5ng<\/strong><\/p><p><strong>Quy tr\u00ecnh thi c\u00f4ng<\/strong><\/p><ul class=\"wp-block-list\"><li>S\u1eed d\u1ee5ng b\u1ed9t b\u1ea3 sau \u0111\u00f3 d\u00f9ng gi\u1ea5y nh\u00e1m ch\u00e0 cho b\u1ec1 m\u1eb7t nh\u1eb5n m\u1ecbn.<\/li><li>S\u01a1n 1 l\u1edbp s\u01a1n l\u00f3t ch\u1ed1ng ki\u1ec1m ngo\u1ea1i th\u1ea5t cao c\u1ea5p <strong>PANSY NGO\u1ea0I CC<\/strong> \u0111\u1ec3 ch\u1ed1ng ki\u1ec1m h\u00f3a, ph\u1ea5n h\u00f3a b\u1ec1 m\u1eb7t v\u00e0 t\u0103ng \u0111\u1ed9 b\u00e1m d\u00ednh l\u1edbp s\u01a1n ph\u1ee7.<\/li><li>S\u01a1n t\u1eeb 1-2 l\u1edbp s\u01a1n si\u00eau b\u00f3ng ngo\u1ea1i th\u1ea5t cao c\u1ea5p <strong>SP9 <\/strong>t\u00f9y t\u1eebng b\u1ec1 m\u1eb7t thi c\u00f4ng.<\/li><li>C\u00f3 th\u1ec3 pha th\u00eam n\u01b0\u1edbc s\u1ea1ch khi thi c\u00f4ng kh\u00f4ng qu\u00e1 5%.<\/li><\/ul><p><strong>B\u1ea3o qu\u1ea3n<\/strong><\/p><ul class=\"wp-block-list\"><li>B\u1ea3o qu\u1ea3n \u1edf n\u01a1i kh\u00f4 r\u00e1o, tho\u00e1ng m\u00e1t, nhi\u1ec7t \u0111\u1ed9 t\u1eeb 5-35\u00b0C, tr\u00e1nh c\u00e1c ngu\u1ed3n nhi\u1ec7t v\u00e0 \u00e1nh s\u00e1ng m\u1eb7t tr\u1eddi.<\/li><li>\u0110\u1eady ch\u1eb7t n\u1eafp th\u00f9ng s\u01a1n n\u1ebfu kh\u00f4ng s\u1eed d\u1ee5ng h\u1ebft.<\/li><li>L\u00e0m s\u1ea1ch d\u1ee5ng c\u1ee5 b\u1eb1ng n\u01b0\u1edbc s\u1ea1ch ngay sau khi s\u1eed d\u1ee5ng.<\/li><\/ul><p><strong>L\u01b0u \u00fd s\u1eed d\u1ee5ng<\/strong><\/p><ul class=\"wp-block-list\"><li>Mang kh\u1ea9u trang, \u0111eo k\u00ednh b\u1ea3o h\u1ed9 khi thi c\u00f4ng.<\/li><li>\u0110\u1ec3 xa t\u1ea7m v\u1edbi c\u1ee7a tr\u1ebb em, kh\u00f4ng \u0111\u1ec3 s\u01a1n v\u01b0\u01a1ng v\u00e0o m\u1eaft.<\/li><li>Trong tr\u01b0\u1eddng h\u1ee3p \u0111\u1ed5 s\u01a1n, thu gom b\u1eb1ng \u0111\u1ea5t ho\u1eb7c c\u00e1t, kh\u00f4ng \u0111\u1ed5 s\u01a1n ra c\u1ed1ng r\u00e3nh ho\u1eb7c c\u00e1c ngu\u1ed3n n\u01b0\u1edbc.<\/li><\/ul><p><strong>H\u1ec7 th\u1ed1ng s\u01a1n \u0111\u1ec1 ngh\u1ecb<\/strong><\/p><ul class=\"wp-block-list\"><li>B\u1ed9t b\u1ea3 SVU (01\/02) : 1 \u2013 2 l\u1edbp<\/li><li>S\u01a1n l\u00f3t ngo\u1ea1i th\u1ea5t cao c\u1ea5p: 1 \u2013 2 l\u1edbp<\/li><li>S\u01a1n si\u00eau b\u00f3ng ngo\u1ea1i th\u1ea5t cao c\u1ea5p: 2 \u2013 3 l\u1edbp<\/li><\/ul><p><\/p>","protected":false},"excerpt":{"rendered":"<p>EXTERIOR SUPER GLOSSY Si\u00eau s\u00e1ng b\u00f3ng Ch\u1ed1ng tia UV Ch\u1ed1ng n\u1ea5m m\u1ed1c vi khu\u1ea9n T\u1ed5ng quan S\u01a1n si\u00eau b\u00f3ng ngo\u1ea1i th\u1ea5t cao c\u1ea5p SP9 l\u00e0 lo\u1ea1i s\u01a1n n\u01b0\u1edbc Acrylic cho m\u00e0ng s\u01a1n b\u00f3ng l\u1ed9ng l\u1eaby, \u0111\u01b0\u1ee3c s\u1eed d\u1ee5ng ngo\u00e0i nh\u00e0, ph\u00f9 h\u1ee3p v\u1edbi kh\u00ed h\u1eadu nhi\u1ec7t \u0111\u1edbi gi\u00f3 m\u00f9a, b\u1ec1 m\u1eb7t si\u00eau b\u00f3ng, si\u00eau c\u1ee9ng, [&#8230;]\n","protected":false},"featured_media":619,"comment_status":"open","ping_status":"closed","template":"","meta":[],"product_cat":[25],"product_tag":[],"class_list":{"0":"post-618","1":"product","2":"type-product","3":"status-publish","4":"has-post-thumbnail","6":"product_cat-son-viet-uc","8":"first","9":"instock","10":"shipping-taxable","11":"product-type-simple"},"_links":{"self":[{"href":"https:\/\/sonvietuc.vn\/index.php?rest_route=\/wp\/v2\/product\/618"}],"collection":[{"href":"https:\/\/sonvietuc.vn\/index.php?rest_route=\/wp\/v2\/product"}],"about":[{"href":"https:\/\/sonvietuc.vn\/index.php?rest_route=\/wp\/v2\/types\/product"}],"replies":[{"embeddable":true,"href":"https:\/\/sonvietuc.vn\/index.php?rest_route=%2Fwp%2Fv2%2Fcomments&post=618"}],"wp:featuredmedia":[{"embeddable":true,"href":"https:\/\/sonvietuc.vn\/index.php?rest_route=\/wp\/v2\/media\/619"}],"wp:attachment":[{"href":"https:\/\/sonvietuc.vn\/index.php?rest_route=%2Fwp%2Fv2%2Fmedia&parent=618"}],"wp:term":[{"taxonomy":"product_cat","embeddable":true,"href":"https:\/\/sonvietuc.vn\/index.php?rest_route=%2Fwp%2Fv2%2Fproduct_cat&post=618"},{"taxonomy":"product_tag","embeddable":true,"href":"https:\/\/sonvietuc.vn\/index.php?rest_route=%2Fwp%2Fv2%2Fproduct_tag&post=618"}],"curies":[{"name":"wp","href":"https:\/\/api.w.org\/{rel}","templated":true}]}}