{"id":8,"date":"2017-09-07T20:12:57","date_gmt":"2017-09-07T13:12:57","guid":{"rendered":"https:\/\/bizhostvn.com\/w\/tuongthachcao\/?page_id=8"},"modified":"2025-10-18T15:23:22","modified_gmt":"2025-10-18T08:23:22","slug":"lien-he","status":"publish","type":"page","link":"https:\/\/sonvietuc.vn\/?page_id=8","title":{"rendered":"Li\u00ean h\u1ec7"},"content":{"rendered":"\t<div class=\"img has-hover x md-x lg-x y md-y lg-y\" id=\"image_1148059902\">\n\t\t\t\t\t\t<div data-animate=\"fadeInUp\">\t\t<div class=\"img-inner image-cover dark\" style=\"padding-top:300px;\">\n\t\t\t<img loading=\"lazy\" decoding=\"async\" width=\"2560\" height=\"1442\" src=\"https:\/\/sonvietuc.vn\/wp-content\/uploads\/2022\/04\/SO\u031bN-VIE\u0323\u0302T-U\u0301C-4-scaled.jpeg\" class=\"attachment-original size-original\" alt=\"\" srcset=\"https:\/\/sonvietuc.vn\/wp-content\/uploads\/2022\/04\/SO\u031bN-VIE\u0323\u0302T-U\u0301C-4-scaled.jpeg 2560w, https:\/\/sonvietuc.vn\/wp-content\/uploads\/2022\/04\/SO\u031bN-VIE\u0323\u0302T-U\u0301C-4-300x169.jpeg 300w, https:\/\/sonvietuc.vn\/wp-content\/uploads\/2022\/04\/SO\u031bN-VIE\u0323\u0302T-U\u0301C-4-1024x577.jpeg 1024w, https:\/\/sonvietuc.vn\/wp-content\/uploads\/2022\/04\/SO\u031bN-VIE\u0323\u0302T-U\u0301C-4-768x433.jpeg 768w, https:\/\/sonvietuc.vn\/wp-content\/uploads\/2022\/04\/SO\u031bN-VIE\u0323\u0302T-U\u0301C-4-1536x865.jpeg 1536w, https:\/\/sonvietuc.vn\/wp-content\/uploads\/2022\/04\/SO\u031bN-VIE\u0323\u0302T-U\u0301C-4-2048x1154.jpeg 2048w\" sizes=\"(max-width: 2560px) 100vw, 2560px\" \/>\t\t\t\t\t\t\n\t\t\t\t\t<\/div>\n\t\t<\/div>\t\t\t\t\t\t\n<style>\n#image_1148059902 {\n  width: 100%;\n}\n<\/style>\n\t<\/div>\n\t\n\n\n\t<section class=\"section\" id=\"section_1254954831\">\n\t\t<div class=\"section-bg fill\" >\n\t\t\t\t\t\t\t\t\t\n\t\t\t\n\n\t\t<\/div>\n\n\t\t\n\n\t\t<div class=\"section-content relative\">\n\t\t\t\n\n<div class=\"row row-small\"  id=\"row-2118911528\">\n\n\n\t<div id=\"col-865463432\" class=\"col small-12 large-12\"  >\n\t\t\t\t<div class=\"col-inner\"  >\n\t\t\t\n\t\t\t\n\n<h4 style=\"text-align: center;\"><span style=\"font-size: 120%;\"><strong><span style=\"color: #000000;\">TH\u00d4NG TIN LI\u00caN H\u1ec6<\/span><\/strong><\/span><\/h4>\n\t<div id=\"gap-1250617704\" class=\"gap-element clearfix\" style=\"display:block; height:auto;\">\n\t\t\n<style>\n#gap-1250617704 {\n  padding-top: 10px;\n}\n<\/style>\n\t<\/div>\n\t\n\n<div class=\"row row-small\"  id=\"row-1513452076\">\n\n\n\t<div id=\"col-1435943717\" class=\"col medium-6 small-12 large-6\"  data-animate=\"fadeInUp\">\n\t\t\t\t<div class=\"col-inner\"  >\n\t\t\t\n\t\t\t\n\n<p>S\u01a1n Vi\u1ec7t- \u00dac \u0111\u01b0\u1ee3c th\u00e0nh l\u1eadp n\u0103m 2004 v\u00e0 kh\u00f4ng ng\u1eebng l\u1edbn m\u1ea1nh v\u00e0 ph\u00e1t tri\u1ec3n v\u01b0\u1ee3t b\u1eadc. C\u00e1c s\u1ea3n ph\u1ea9m \u0111\u00e3 \u0111\u01b0\u1ee3c ki\u1ec3m nghi\u1ec7m v\u00e0 \u0111\u0103ng k\u00fd t\u1ea1i t\u1ed5ng c\u1ee5c ti\u00eau chu\u1ea9n \u0111o l\u01b0\u1eddng ch\u1ea5t l\u01b0\u1ee3ng Vi\u1ec7t Nam. M\u00e0u s\u1eafc \u0111a d\u1ea1ng, phong ph\u00fa, hi\u1ec7n \u0111\u1ea1i v\u00e0 ti\u1ebft ki\u1ec7m chi ph\u00ed.<\/p>\n\n\t\t<\/div>\n\t\t\t\t\t<\/div>\n\n\t\n\n\t<div id=\"col-453839477\" class=\"col medium-3 small-12 large-3\"  data-animate=\"fadeInUp\">\n\t\t\t\t<div class=\"col-inner\"  >\n\t\t\t\n\t\t\t\n\n<h5><span style=\"color: #000000; font-size: 100%;\">\u0110\u1ecaA CH\u1ec8<\/span><\/h5>\n<p><span style=\"color: #000000; font-size: 90%;\">S\u1ed1 5, BT 10 Khu \u0110\u00f4 Th\u1ecb Xa La &#8211; H\u00e0 \u0110\u00f4ng &#8211; H\u00e0 N\u1ed9i<\/span><\/p>\n<h5><span style=\"color: #000000; font-size: 100%;\">S\u1ed0 \u0110I\u1ec6N THO\u1ea0I<\/span><\/h5>\n<p><span style=\"color: #000000; font-size: 90%;\">0989.250.880<\/span><\/p>\n\n\t\t<\/div>\n\t\t\t\t\t<\/div>\n\n\t\n\n\t<div id=\"col-645129007\" class=\"col medium-3 small-12 large-3\"  data-animate=\"fadeInUp\">\n\t\t\t\t<div class=\"col-inner\"  >\n\t\t\t\n\t\t\t\n\n<h5><span style=\"font-size: 100%; color: #000000;\">TH\u1edcI GIAN L\u00c0M VI\u1ec6C<\/span><\/h5>\n<p><span style=\"font-size: 90%; color: #000000;\">Th\u1ee9 Hai \u0111\u1ebfn Th\u1ee9 B\u1ea3y: 8:00 \u2013 17:00<\/span><\/p>\n<h5><span style=\"font-size: 100%; color: #000000;\">K\u1ebeT N\u1ed0I ONLINE<\/span><\/h5>\n<div class=\"social-icons share-icons share-row relative full-width text-left icon-style-fill\" style=\"font-size:70%\"><a href=\"whatsapp:\/\/send?text=Li%C3%AAn%20h%E1%BB%87 - https:\/\/sonvietuc.vn\/?page_id=8\" data-action=\"share\/whatsapp\/share\" class=\"icon primary button circle tooltip whatsapp show-for-medium\" title=\"Chia s\u1ebb tr\u00ean WhatsApp\" aria-label=\"Chia s\u1ebb tr\u00ean WhatsApp\" ><i class=\"icon-whatsapp\" ><\/i><\/a><a href=\"https:\/\/www.facebook.com\/sharer.php?u=https:\/\/sonvietuc.vn\/?page_id=8\" data-label=\"Facebook\" onclick=\"window.open(this.href,this.title,'width=500,height=500,top=300px,left=300px'); return false;\" target=\"_blank\" class=\"icon primary button circle tooltip facebook\" title=\"Chia s\u1ebb tr\u00ean Facebook\" aria-label=\"Chia s\u1ebb tr\u00ean Facebook\" rel=\"noopener nofollow\" ><i class=\"icon-facebook\" ><\/i><\/a><a href=\"https:\/\/twitter.com\/share?url=https:\/\/sonvietuc.vn\/?page_id=8\" onclick=\"window.open(this.href,this.title,'width=500,height=500,top=300px,left=300px'); return false;\" target=\"_blank\" class=\"icon primary button circle tooltip twitter\" title=\"Chia s\u1ebb tr\u00ean Twitter\" aria-label=\"Chia s\u1ebb tr\u00ean Twitter\" rel=\"noopener nofollow\" ><i class=\"icon-twitter\" ><\/i><\/a><a href=\"mailto:?subject=Li%C3%AAn%20h%E1%BB%87&body=H%C3%A3y%20ki%E1%BB%83m%20tra%20%C4%91i%E1%BB%81u%20n%C3%A0y%3A%20https%3A%2F%2Fsonvietuc.vn%2F%3Fpage_id%3D8\" class=\"icon primary button circle tooltip email\" title=\"Email cho b\u1ea1n b\u00e8\" aria-label=\"Email cho b\u1ea1n b\u00e8\" rel=\"nofollow\" ><i class=\"icon-envelop\" ><\/i><\/a><a href=\"https:\/\/pinterest.com\/pin\/create\/button?url=https:\/\/sonvietuc.vn\/?page_id=8&media&description=Li%C3%AAn%20h%E1%BB%87\" onclick=\"window.open(this.href,this.title,'width=500,height=500,top=300px,left=300px'); return false;\" target=\"_blank\" class=\"icon primary button circle tooltip pinterest\" title=\"Ghim tr\u00ean Pinterest\" aria-label=\"Ghim tr\u00ean Pinterest\" rel=\"noopener nofollow\" ><i class=\"icon-pinterest\" ><\/i><\/a><a href=\"https:\/\/www.linkedin.com\/shareArticle?mini=true&url=https:\/\/sonvietuc.vn\/?page_id=8&title=Li%C3%AAn%20h%E1%BB%87\" onclick=\"window.open(this.href,this.title,'width=500,height=500,top=300px,left=300px'); return false;\" target=\"_blank\" class=\"icon primary button circle tooltip linkedin\" title=\"Chia s\u1ebb tr\u00ean LinkedIn\" aria-label=\"Chia s\u1ebb tr\u00ean LinkedIn\" rel=\"noopener nofollow\" ><i class=\"icon-linkedin\" ><\/i><\/a><\/div>\n\n\n\t\t<\/div>\n\t\t\t\t\t<\/div>\n\n\t\n\n<\/div>\n<p><iframe src=\"https:\/\/www.google.com\/maps\/embed?pb=!1m18!1m12!1m3!1d3725.7603539384995!2d105.7956466!3d20.962136899999997!2m3!1f0!2f0!3f0!3m2!1i1024!2i768!4f13.1!3m3!1m2!1s0x3135ad9c344ce9fb%3A0x21534bb033d27bb7!2zU8ahbiB2aeG7h3Qgw7pj!5e0!3m2!1svi!2s!4v1760775767701!5m2!1svi!2s\" width=\"2600\" height=\"250\" style=\"border:0;\" allowfullscreen=\"\" loading=\"lazy\" referrerpolicy=\"no-referrer-when-downgrade\"><\/iframe><\/p>\n\n\t<div id=\"gap-2064795378\" class=\"gap-element clearfix\" style=\"display:block; height:auto;\">\n\t\t\n<style>\n#gap-2064795378 {\n  padding-top: 30px;\n}\n<\/style>\n\t<\/div>\n\t\n\n<h3 style=\"text-align: center;\"><span style=\"font-size: 120%; color: #000000;\">G\u1eecI MAIL LI\u00caN H\u1ec6<\/span><\/h3>\n\t<div id=\"gap-165542863\" class=\"gap-element clearfix\" style=\"display:block; height:auto;\">\n\t\t\n<style>\n#gap-165542863 {\n  padding-top: 20px;\n}\n<\/style>\n\t<\/div>\n\t\n\n<div class=\"row row-small\"  id=\"row-343150969\">\n\n\n\t<div id=\"col-2137034026\" class=\"col medium-3 small-12 large-3\"  >\n\t\t\t\t<div class=\"col-inner\"  >\n\t\t\t\n\t\t\t\n\n\n\t\t<\/div>\n\t\t\t\t\t<\/div>\n\n\t\n\n\t<div id=\"col-1708341881\" class=\"col medium-6 small-12 large-6\"  data-animate=\"fadeInUp\">\n\t\t\t\t<div class=\"col-inner\"  >\n\t\t\t\n\t\t\t\n\n\n<div class=\"wpcf7 no-js\" id=\"wpcf7-f69-o1\" lang=\"vi\" dir=\"ltr\">\n<div class=\"screen-reader-response\"><p role=\"status\" aria-live=\"polite\" aria-atomic=\"true\"><\/p> <ul><\/ul><\/div>\n<form action=\"\/index.php?rest_route=%2Fwp%2Fv2%2Fpages%2F8#wpcf7-f69-o1\" method=\"post\" class=\"wpcf7-form init\" aria-label=\"Form li\u00ean h\u1ec7\" novalidate=\"novalidate\" data-status=\"init\">\n<div style=\"display: none;\">\n<input type=\"hidden\" name=\"_wpcf7\" value=\"69\" \/>\n<input type=\"hidden\" name=\"_wpcf7_version\" value=\"5.9.8\" \/>\n<input type=\"hidden\" name=\"_wpcf7_locale\" value=\"vi\" \/>\n<input type=\"hidden\" name=\"_wpcf7_unit_tag\" value=\"wpcf7-f69-o1\" \/>\n<input type=\"hidden\" name=\"_wpcf7_container_post\" value=\"0\" \/>\n<input type=\"hidden\" name=\"_wpcf7_posted_data_hash\" value=\"\" \/>\n<\/div>\n<div class=\"contact-form\">\n\t<div class=\"row1\">\n\t\t<div class=\"left\">\n\t\t\t<p><span class=\"wpcf7-form-control-wrap\" data-name=\"text-696\"><input size=\"40\" maxlength=\"400\" class=\"wpcf7-form-control wpcf7-text wpcf7-validates-as-required\" aria-required=\"true\" aria-invalid=\"false\" placeholder=\"T\u00ean c\u1ee7a b\u1ea1n\" value=\"\" type=\"text\" name=\"text-696\" \/><\/span>\n\t\t\t<\/p>\n\t\t<\/div>\n\t\t<div class=\"right\">\n\t\t\t<p><span class=\"wpcf7-form-control-wrap\" data-name=\"tel-795\"><input size=\"40\" maxlength=\"400\" class=\"wpcf7-form-control wpcf7-tel wpcf7-validates-as-required wpcf7-text wpcf7-validates-as-tel\" aria-required=\"true\" aria-invalid=\"false\" placeholder=\"S\u1ed1 \u0111i\u1ec7n tho\u1ea1i c\u1ee7a b\u1ea1n\" value=\"\" type=\"tel\" name=\"tel-795\" \/><\/span>\n\t\t\t<\/p>\n\t\t<\/div>\n\t<\/div>\n\t<div class=\"row2\">\n\t\t<div class=\"left\">\n\t\t\t<p><span class=\"wpcf7-form-control-wrap\" data-name=\"email-190\"><input size=\"40\" maxlength=\"400\" class=\"wpcf7-form-control wpcf7-email wpcf7-validates-as-required wpcf7-text wpcf7-validates-as-email\" aria-required=\"true\" aria-invalid=\"false\" placeholder=\"Email c\u1ee7a b\u1ea1n\" value=\"\" type=\"email\" name=\"email-190\" \/><\/span>\n\t\t\t<\/p>\n\t\t<\/div>\n\t\t<div class=\"right\">\n\t\t\t<p><span class=\"wpcf7-form-control-wrap\" data-name=\"text-696\"><input size=\"40\" maxlength=\"400\" class=\"wpcf7-form-control wpcf7-text\" aria-invalid=\"false\" placeholder=\"\u0110\u1ecba ch\u1ec9 c\u1ee7a b\u1ea1n\" value=\"\" type=\"text\" name=\"text-696\" \/><\/span>\n\t\t\t<\/p>\n\t\t<\/div>\n\t<\/div>\n\t<p><span class=\"wpcf7-form-control-wrap\" data-name=\"textarea-272\"><textarea cols=\"40\" rows=\"10\" maxlength=\"2000\" class=\"wpcf7-form-control wpcf7-textarea\" aria-invalid=\"false\" placeholder=\"N\u1ed9i dung tin nh\u1eafn....\" name=\"textarea-272\"><\/textarea><\/span><br \/>\n<input class=\"wpcf7-form-control wpcf7-submit has-spinner\" type=\"submit\" value=\"G\u1eedi tin nh\u1eafn\" \/>\n\t<\/p>\n<\/div><div class=\"wpcf7-response-output\" aria-hidden=\"true\"><\/div>\n<\/form>\n<\/div>\n\n\n\n\t\t<\/div>\n\t\t\t\t\t<\/div>\n\n\t\n\n\t<div id=\"col-818169051\" class=\"col medium-3 small-12 large-3\"  >\n\t\t\t\t<div class=\"col-inner\"  >\n\t\t\t\n\t\t\t\n\n\n\t\t<\/div>\n\t\t\t\t\t<\/div>\n\n\t\n\n<\/div>\n\n\t\t<\/div>\n\t\t\t\t\t<\/div>\n\n\t\n\n<\/div>\n\n\t\t<\/div>\n\n\t\t\n<style>\n#section_1254954831 {\n  padding-top: 30px;\n  padding-bottom: 30px;\n}\n<\/style>\n\t<\/section>\n\t","protected":false},"excerpt":{"rendered":"","protected":false},"author":1,"featured_media":0,"parent":0,"menu_order":0,"comment_status":"closed","ping_status":"closed","template":"page-blank.php","meta":{"footnotes":""},"class_list":["post-8","page","type-page","status-publish","hentry"],"_links":{"self":[{"href":"https:\/\/sonvietuc.vn\/index.php?rest_route=\/wp\/v2\/pages\/8"}],"collection":[{"href":"https:\/\/sonvietuc.vn\/index.php?rest_route=\/wp\/v2\/pages"}],"about":[{"href":"https:\/\/sonvietuc.vn\/index.php?rest_route=\/wp\/v2\/types\/page"}],"author":[{"embeddable":true,"href":"https:\/\/sonvietuc.vn\/index.php?rest_route=\/wp\/v2\/users\/1"}],"replies":[{"embeddable":true,"href":"https:\/\/sonvietuc.vn\/index.php?rest_route=%2Fwp%2Fv2%2Fcomments&post=8"}],"version-history":[{"count":23,"href":"https:\/\/sonvietuc.vn\/index.php?rest_route=\/wp\/v2\/pages\/8\/revisions"}],"predecessor-version":[{"id":864,"href":"https:\/\/sonvietuc.vn\/index.php?rest_route=\/wp\/v2\/pages\/8\/revisions\/864"}],"wp:attachment":[{"href":"https:\/\/sonvietuc.vn\/index.php?rest_route=%2Fwp%2Fv2%2Fmedia&parent=8"}],"curies":[{"name":"wp","href":"https:\/\/api.w.org\/{rel}","templated":true}]}}