{"id":6,"date":"2017-09-07T20:12:48","date_gmt":"2017-09-07T13:12:48","guid":{"rendered":"https:\/\/bizhostvn.com\/w\/tuongthachcao\/?page_id=6"},"modified":"2022-04-12T21:29:40","modified_gmt":"2022-04-12T14:29:40","slug":"gioi-thieu","status":"publish","type":"page","link":"https:\/\/sonvietuc.vn\/?page_id=6","title":{"rendered":"Gi\u1edbi thi\u1ec7u"},"content":{"rendered":"<div class=\"row\"  id=\"row-757493146\">\n\n\t<div id=\"col-1640915455\" class=\"col small-12 large-12\"  data-animate=\"fadeInUp\">\n\t\t\t\t<div class=\"col-inner\"  >\n\t\t\t\n\t\t\t\n<p>S\u01a1n Vi\u1ec7t- \u00dac \u0111\u01b0\u1ee3c th\u00e0nh l\u1eadp n\u0103m 2004 v\u00e0 kh\u00f4ng ng\u1eebng l\u1edbn m\u1ea1nh v\u00e0 ph\u00e1t tri\u1ec3n v\u01b0\u1ee3t b\u1eadc. C\u00e1c s\u1ea3n ph\u1ea9m \u0111\u00e3 \u0111\u01b0\u1ee3c ki\u1ec3m nghi\u1ec7m v\u00e0 \u0111\u0103ng k\u00fd t\u1ea1i t\u1ed5ng c\u1ee5c ti\u00eau chu\u1ea9n \u0111o l\u01b0\u1eddng ch\u1ea5t l\u01b0\u1ee3ng Vi\u1ec7t Nam. M\u00e0u s\u1eafc \u0111a d\u1ea1ng, phong ph\u00fa, hi\u1ec7n \u0111\u1ea1i v\u00e0 ti\u1ebft ki\u1ec7m chi ph\u00ed.<\/p>\n<div class=\"banner-video\"><video controls width=\"100%\" height=\"100%;\"><source src=\"https:\/\/sonvietuc.com\/wp-content\/uploads\/2022\/04\/Vang-va-Xanh-la-Nhieu-lop-Su-kien-Hoi-nghi-ve-bien-doi-khi-hau-Ap-phich-hoat-hinh.mp4\" type=\"video\/mp4\" \/><\/video><\/div>\n\t\t<\/div>\n\t\t\t\t\t<\/div>\n\n\t\n<\/div>\n","protected":false},"excerpt":{"rendered":"","protected":false},"author":1,"featured_media":0,"parent":0,"menu_order":0,"comment_status":"closed","ping_status":"closed","template":"page-left-sidebar.php","meta":{"footnotes":""},"class_list":["post-6","page","type-page","status-publish","hentry"],"_links":{"self":[{"href":"https:\/\/sonvietuc.vn\/index.php?rest_route=\/wp\/v2\/pages\/6"}],"collection":[{"href":"https:\/\/sonvietuc.vn\/index.php?rest_route=\/wp\/v2\/pages"}],"about":[{"href":"https:\/\/sonvietuc.vn\/index.php?rest_route=\/wp\/v2\/types\/page"}],"author":[{"embeddable":true,"href":"https:\/\/sonvietuc.vn\/index.php?rest_route=\/wp\/v2\/users\/1"}],"replies":[{"embeddable":true,"href":"https:\/\/sonvietuc.vn\/index.php?rest_route=%2Fwp%2Fv2%2Fcomments&post=6"}],"version-history":[{"count":9,"href":"https:\/\/sonvietuc.vn\/index.php?rest_route=\/wp\/v2\/pages\/6\/revisions"}],"predecessor-version":[{"id":572,"href":"https:\/\/sonvietuc.vn\/index.php?rest_route=\/wp\/v2\/pages\/6\/revisions\/572"}],"wp:attachment":[{"href":"https:\/\/sonvietuc.vn\/index.php?rest_route=%2Fwp%2Fv2%2Fmedia&parent=6"}],"curies":[{"name":"wp","href":"https:\/\/api.w.org\/{rel}","templated":true}]}}